{"id":16,"date":"2025-09-16T12:29:58","date_gmt":"2025-09-16T12:29:58","guid":{"rendered":"https:\/\/startersites.io\/blocksy\/codespot\/?page_id=16"},"modified":"2026-03-20T19:20:54","modified_gmt":"2026-03-20T19:20:54","slug":"contact","status":"publish","type":"page","link":"https:\/\/jpdirector.net\/en\/contact\/","title":{"rendered":"Contacto"},"content":{"rendered":"<style>#gspb_row-id-gsbp-c915455{justify-content:space-between;margin-top:0px;margin-bottom:0px;display:flex;flex-wrap:wrap;}#gspb_row-id-gsbp-c915455 > .gspb_row__content{display:flex;justify-content:space-between;margin:0 auto;width:100%;flex-wrap:wrap;}.gspb_row{position:relative;}div[id^=gspb_col-id]{box-sizing:border-box;position:relative;}body.gspb-bodyfront #gspb_row-id-gsbp-c915455 > .gspb_row__content{width:var(--theme-container-width,1200px);}body.gspb-bodyfront #gspb_row-id-gsbp-c915455 > .gspb_row__content{max-width:var(--theme-normal-container-max-width,1200px);}#gspb_row-id-gsbp-c915455{margin-bottom:100px;padding-top:240px;padding-bottom:100px;overflow:hidden;}@media (max-width:999.98px){#gspb_row-id-gsbp-c915455{margin-bottom:70px;padding-top:150px;padding-bottom:70px;}}@media (max-width:689.98px){#gspb_row-id-gsbp-c915455{margin-bottom:50px;padding-top:120px;padding-bottom:50px;}}#gspb_row-id-gsbp-c915455{background-size:cover;background-repeat:no-repeat;background-position:34% 73%;}#gspb_row-id-gsbp-c915455{background-image:url(https:\/\/jpdirector.net\/wp-content\/uploads\/2025\/11\/Diseno-sin-titulo-40.png);}#gspb_row-id-gsbp-c915455:hover{background-size:cover;}#gspb_row-id-gsbp-c915455{border-bottom-style:solid;border-bottom-width:1px;border-bottom-color:#ffffff1c;}<\/style>\n<section class=\"wp-block-greenshift-blocks-row alignfull gspb_row gspb_row-id-gsbp-c915455\" id=\"gspb_row-id-gsbp-c915455\"><div class=\"gspb_row__content\"> \n<div class=\"wp-block-greenshift-blocks-row-column gspb_row__col--12 gspb_col-id-gsbp-cf97c2b\" id=\"gspb_col-id-gsbp-cf97c2b\">\n<h2 id=\"gspb_heading-id-gsbp-f13b791\" class=\"gspb_heading gspb_heading-id-gsbp-f13b791 \">Tu siguiente nivel en Ads empieza aqu\u00ed<\/h2>\n\n\n\n<div id=\"gspb_text-id-gsbp-b6c5e4c\" class=\"gspb_text gspb_text-id-gsbp-b6c5e4c \">Si est\u00e1s aqu\u00ed, es porque quieres crecer con Ads sin adivinar, sin frustrarte y con una ruta clara.<br>Cu\u00e9ntame en qu\u00e9 punto est\u00e1s y te respondo con el siguiente paso recomendado (asesor\u00eda, mentor\u00eda o que yo me encargue).<\/div>\n\n\n\n<div class=\"wp-block-greenshift-blocks-row alignfull gspb_row gspb_row-id-gsbp-9d097bc gspb_row--gutter-custom-0\" id=\"gspb_row-id-gsbp-9d097bc\"><div class=\"gspb_row__content\"> \n<div class=\"wp-block-greenshift-blocks-row-column gspb_row__col--6 gspb_row__col--md-12 gspb_col-id-gsbp-6c4d819\" id=\"gspb_col-id-gsbp-6c4d819\">\n<div class=\"wp-block-greenshift-blocks-container gspb_container gspb_container-gsbp-ab5e4d0\" id=\"gspb_container-id-gsbp-ab5e4d0\"><div class=\"gspb_backgroundOverlay\"><\/div><\/div>\n\n\n\n<div class=\"wp-block-greenshift-blocks-container gspb_container gspb_container-gsbp-4de1d96\" id=\"gspb_container-id-gsbp-4de1d96\">\n<div class=\"wp-block-greenshift-blocks-iconbox gspb_iconBox gspb_iconBox-id-gsbp-b40cab8\" id=\"gspb_iconBox-id-gsbp-b40cab8\"><div class=\"gspb_iconBox__wrapper\" style=\"display:inline-flex\"><svg class=\"\" style=\"display:inline-block;vertical-align:middle\" width=\"72\" height=\"72\" viewBox=\"0 0 1024 1024\" xmlns=\"http:\/\/www.w3.org\/2000\/svg\"><path style=\"fill:#565D66\" d=\"M953 45.8l-188.4-43.4c-43.2-10-87.2 12.4-104.6 53.2l-87 203c-16 37.2-5.2 81.2 26.2 106.8l80 65.4c-57.2 104.8-143.6 191.2-248.4 248.2l-65.4-80c-25.6-31.4-69.6-42.2-106.8-26.2l-203.2 87c-40.8 17.4-63 61.4-53.2 104.6l43.4 188.4c9.6 41.8 46.4 71 89.2 71 489.8 0.2 889.2-396.4 889.2-888.8 0-42.8-29.2-79.6-71-89.2zM138.6 928l-41.8-181.4 196.4-84.2 111.4 136.2c197.6-92.8 301.2-196 394-394l-136.2-111.4 84.2-196.4 181.4 41.8c-2 435.2-354.2 787.4-789.4 789.4z\"><\/path><\/svg><\/div><\/div>\n\n\n\n<div class=\"wp-block-greenshift-blocks-container gspb_container gspb_container-gsbp-5ee26a5\" id=\"gspb_container-id-gsbp-5ee26a5\">\n<div id=\"gspb_text-id-gsbp-1c764a8\" class=\"gspb_text gspb_text-id-gsbp-1c764a8 \">N\u00famero telef\u00f3nico<\/div>\n\n\n\n<div id=\"gspb_text-id-gsbp-7a9caf3\" class=\"gspb_text gspb_text-id-gsbp-7a9caf3 \"><a href=\"tel:+18178884796\" type=\"tel\" id=\"tel:+18178884796\">+<\/a><a href=\"tel:+14699911467\" type=\"tel\" id=\"tel:+14699911467\">1 (469) 991-1467<\/a><a href=\"tel:+18178884796\" type=\"tel\" id=\"tel:+18178884796\"><br><\/a><\/div>\n<\/div>\n<\/div>\n\n\n\n<div class=\"wp-block-greenshift-blocks-container gspb_container gspb_container-gsbp-3de6582\" id=\"gspb_container-id-gsbp-3de6582\">\n<div class=\"wp-block-greenshift-blocks-iconbox gspb_iconBox gspb_iconBox-id-gsbp-644cf2c\" id=\"gspb_iconBox-id-gsbp-644cf2c\"><div class=\"gspb_iconBox__wrapper\" style=\"display:inline-flex\"><svg class=\"\" style=\"display:inline-block;vertical-align:middle\" width=\"72\" height=\"72\" viewBox=\"0 0 992 1024\" xmlns=\"http:\/\/www.w3.org\/2000\/svg\"><path style=\"fill:#565D66\" d=\"M496 16c-274 0-496 222-496 496s222 496 496 496 496-222 496-496-222-496-496-496zM854.6 336h-134.4c-13.4-73-35-137.6-62.4-189.4 85.8 38 155.4 105.4 196.8 189.4zM496 112c37.2 0 97.2 82.4 126.4 224h-252.8c29.2-141.6 89.2-224 126.4-224zM96 512c0-27.4 2.8-54.2 8-80h155.4c-2 26.2-3.4 52.6-3.4 80s1.4 53.8 3.4 80h-155.4c-5.2-25.8-8-52.6-8-80zM137.4 688h134.4c13.4 73 35 137.6 62.4 189.4-85.8-38-155.4-105.4-196.8-189.4zM271.8 336h-134.4c41.4-84 111-151.4 196.8-189.4-27.4 51.8-49 116.4-62.4 189.4zM496 912c-37.2 0-97.2-82.4-126.4-224h253c-29.4 141.6-89.4 224-126.6 224zM636.2 592h-280.4c-2.2-25.6-3.8-52-3.8-80s1.6-54.4 3.8-80h280.6c2.2 25.6 3.8 52 3.8 80s-1.8 54.4-4 80zM657.8 877.4c27.4-51.8 48.8-116.4 62.4-189.4h134.4c-41.4 84-111 151.4-196.8 189.4zM732.6 592c2-26.2 3.4-52.6 3.4-80s-1.4-53.8-3.4-80h155.4c5.2 25.8 8 52.6 8 80s-2.8 54.2-8 80h-155.4z\"><\/path><\/svg><\/div><\/div>\n\n\n\n<div class=\"wp-block-greenshift-blocks-container gspb_container gspb_container-gsbp-5484ea9\" id=\"gspb_container-id-gsbp-5484ea9\">\n<div id=\"gspb_text-id-gsbp-9379a77\" class=\"gspb_text gspb_text-id-gsbp-9379a77 \">Horas de trabajo<\/div>\n\n\n\n<div id=\"gspb_text-id-gsbp-9ea8caa\" class=\"gspb_text gspb_text-id-gsbp-9ea8caa \">Mon-Fri: 09:00 AM \u2013 06:00 PM CT<\/div>\n<\/div>\n<\/div>\n<\/div>\n\n\n\n<div class=\"wp-block-greenshift-blocks-row-column gspb_row__col--6 gspb_row__col--md-12 gspb_col-id-gsbp-ba9be6f\" id=\"gspb_col-id-gsbp-ba9be6f\">\n<div class=\"wp-block-greenshift-blocks-container gspb_container gspb_container-gsbp-0bee511 border-animation\" id=\"gspb_container-id-gsbp-0bee511\">\n<iframe\n    src=\"https:\/\/api.leadconnectorhq.com\/widget\/form\/VWDUuWjeiw4mjRjbhtaG\"\n    style=\"width:100%;height:100%;border:none;border-radius:4px\"\n    id=\"inline-VWDUuWjeiw4mjRjbhtaG\" \n    data-layout=\"{'id':'INLINE'}\"\n    data-trigger-type=\"alwaysShow\"\n    data-trigger-value=\"\"\n    data-activation-type=\"alwaysActivated\"\n    data-activation-value=\"\"\n    data-deactivation-type=\"neverDeactivate\"\n    data-deactivation-value=\"\"\n    data-form-name=\"Sitio Web - SEO\"\n    data-height=\"492\"\n    data-layout-iframe-id=\"inline-VWDUuWjeiw4mjRjbhtaG\"\n    data-form-id=\"VWDUuWjeiw4mjRjbhtaG\"\n    title=\"Sitio Web - SEO\"\n        >\n<\/iframe>\n<script src=\"https:\/\/link.msgsndr.com\/js\/form_embed.js\"><\/script>\n<\/div>\n<\/div>\n <\/div><\/div>\n<\/div>\n <\/div><\/section>\n","protected":false},"excerpt":{"rendered":"","protected":false},"author":1,"featured_media":0,"parent":0,"menu_order":0,"comment_status":"closed","ping_status":"closed","template":"","meta":{"_gspb_post_css":"#gspb_col-id-gsbp-cf97c2b.gspb_row__col--12{width:100%}@media (max-width:575.98px){#gspb_col-id-gsbp-cf97c2b.gspb_row__col--12{width:100%}}#gspb_heading-id-gsbp-f13b791{font-size:60px;line-height:1.3em}@media (max-width:991.98px){#gspb_heading-id-gsbp-f13b791{font-size:45px}}@media (max-width:575.98px){#gspb_heading-id-gsbp-f13b791{font-size:30px}}@media (max-width:991.98px){#gspb_heading-id-gsbp-f13b791,#gspb_heading-id-gsbp-f13b791 .gsap-g-line{text-align:center!important}}#gspb_heading-id-gsbp-f13b791{margin-top:0;margin-bottom:20px}.gspb_text-id-gsbp-b6c5e4c{font-size:20px}@media (max-width:991.98px){.gspb_text-id-gsbp-b6c5e4c{font-size:18px}}@media (max-width:575.98px){.gspb_text-id-gsbp-b6c5e4c{font-size:16px}}@media (max-width:991.98px){.gspb_text-id-gsbp-b6c5e4c,.gspb_text-id-gsbp-b6c5e4c .gsap-g-line{text-align:center!important}}.gspb_text-id-gsbp-b6c5e4c{margin-bottom:70px!important}@media (max-width:991.98px){.gspb_text-id-gsbp-b6c5e4c{margin-bottom:70px!important}}@media (max-width:575.98px){.gspb_text-id-gsbp-b6c5e4c{margin-bottom:50px!important}}#gspb_row-id-gsbp-9d097bc{justify-content:space-between;margin-top:0;margin-bottom:0;display:flex;flex-wrap:wrap;align-content:flex-start}#gspb_row-id-gsbp-9d097bc>.gspb_row__content{display:flex;justify-content:space-between;margin:0 auto;width:100%;flex-wrap:wrap}.gspb_row{position:relative}div[id^=gspb_col-id]{box-sizing:border-box;position:relative}@media (max-width:991.98px){#gspb_row-id-gsbp-9d097bc>.gspb_row__content{row-gap:50px}}#gspb_row-id-gsbp-9d097bc>.gspb_row__content{align-items:flex-start}body.gspb-bodyfront #gspb_row-id-gsbp-9d097bc>.gspb_row__content{width:var(--theme-container-width, 1200px);max-width:var(--theme-normal-container-max-width, 1200px)}#gspb_col-id-gsbp-6c4d819.gspb_row__col--6{width:calc(50% - 25px)}@media (max-width:991.98px){#gspb_col-id-gsbp-6c4d819.gspb_row__col--6{width:100%}}@media (max-width:767.98px){#gspb_col-id-gsbp-6c4d819.gspb_row__col--6{width:calc(100% - 25px)}}@media (max-width:575.98px){#gspb_col-id-gsbp-6c4d819.gspb_row__col--6{width:100%}}@media (min-width:992px){body.gspb-bodyfront #gspb_col-id-gsbp-6c4d819.gspb_row__col--6{width:calc(50% - 0px - 25px)}}body #gspb_col-id-gsbp-6c4d819.gspb_row__col--6,body #gspb_col-id-gsbp-ba9be6f.gspb_row__col--6{display:flex;flex-direction:column;justify-content:flex-start}.gspb_container-id-gsbp-4de1d96,.gspb_container-id-gsbp-5ee26a5,.gspb_container-id-gsbp-ab5e4d0{flex-direction:column;box-sizing:border-box}#gspb_container-id-gsbp-0bee511.gspb_container>p:last-of-type,#gspb_container-id-gsbp-3de6582.gspb_container>p:last-of-type,#gspb_container-id-gsbp-4de1d96.gspb_container>p:last-of-type,#gspb_container-id-gsbp-5484ea9.gspb_container>p:last-of-type,#gspb_container-id-gsbp-5ee26a5.gspb_container>p:last-of-type,#gspb_container-id-gsbp-ab5e4d0.gspb_container>p:last-of-type{margin-bottom:0}#gspb_container-id-gsbp-ab5e4d0.gspb_container{position:relative;display:flex;flex-direction:column;justify-content:flex-end;box-shadow:0 -1px 0 0 #52ff7d29,0 0 0 1px #ffffff1f;margin-bottom:40px;padding:20px}@media (max-width:991.98px){#gspb_container-id-gsbp-ab5e4d0.gspb_container{margin-bottom:20px}}@media (max-width:575.98px){#gspb_container-id-gsbp-ab5e4d0.gspb_container{margin-bottom:20px}}#gspb_container-id-gsbp-ab5e4d0.gspb_container,#gspb_container-id-gsbp-ab5e4d0.gspb_container>.gspb_backgroundOverlay{border-top-left-radius:12px;border-top-right-radius:12px;border-bottom-right-radius:12px;border-bottom-left-radius:12px}#gspb_container-id-gsbp-ab5e4d0.gspb_container{background-color:var(--wp--preset--color--palette-color-1, var(--theme-palette-color-1, #39A751))}@media (max-width:991.98px){#gspb_container-id-gsbp-ab5e4d0.gspb_container{background-color:var(--wp--preset--color--palette-color-1, var(--theme-palette-color-1, #39A751))}}@media (max-width:767.98px){#gspb_container-id-gsbp-ab5e4d0.gspb_container{background-color:var(--wp--preset--color--palette-color-1, var(--theme-palette-color-1, #39A751))}}@media (max-width:575.98px){#gspb_container-id-gsbp-ab5e4d0.gspb_container{background-color:var(--wp--preset--color--palette-color-1, var(--theme-palette-color-1, #39A751))}}#gspb_container-id-gsbp-ab5e4d0.gspb_container>.gspb_backgroundOverlay{position:absolute;top:0;left:0;width:100%;height:100%;z-index:-1;background-image:url(https:\/\/jpdirector.net\/wp-content\/uploads\/2025\/12\/DSC2165-scaled.jpg);background-size:cover;background-repeat:no-repeat;background-position:46% 42%}#gspb_container-id-gsbp-ab5e4d0.gspb_container{isolation:isolate;box-sizing:border-box;height:400px}#gspb_container-id-gsbp-4de1d96.gspb_container{position:relative;display:flex;align-items:center;column-gap:20px}@media (max-width:991.98px){#gspb_container-id-gsbp-4de1d96.gspb_container{justify-content:flex-start}}#gspb_container-id-gsbp-4de1d96.gspb_container{margin-bottom:30px;box-sizing:border-box}#gspb_iconBox-id-gsbp-b40cab8 svg{height:20px!important;width:20px!important;min-width:20px!important}#gspb_iconBox-id-gsbp-644cf2c,#gspb_iconBox-id-gsbp-b40cab8{display:flex}@media (max-width:991.98px){#gspb_iconBox-id-gsbp-b40cab8 svg{height:15px!important;width:15px!important;min-width:15px!important}}#gspb_iconBox-id-gsbp-b40cab8 svg,#gspb_iconBox-id-gsbp-b40cab8 svg path{fill:var(--wp--preset--color--palette-color-4, var(--theme-palette-color-4, #ffffff))!important}#gspb_iconBox-id-gsbp-b40cab8 svg{margin:0!important;transform:rotateY(180deg)}#gspb_iconBox-id-gsbp-b40cab8 .gspb_iconBox__wrapper{background-color:var(--wp--preset--color--palette-color-1, var(--theme-palette-color-1, #39A751))}@media (max-width:991.98px){#gspb_iconBox-id-gsbp-b40cab8 .gspb_iconBox__wrapper{background-color:var(--wp--preset--color--palette-color-1, var(--theme-palette-color-1, #39A751))}}@media (max-width:767.98px){#gspb_iconBox-id-gsbp-b40cab8 .gspb_iconBox__wrapper{background-color:var(--wp--preset--color--palette-color-1, var(--theme-palette-color-1, #39A751))}}@media (max-width:575.98px){#gspb_iconBox-id-gsbp-b40cab8 .gspb_iconBox__wrapper{background-color:var(--wp--preset--color--palette-color-1, var(--theme-palette-color-1, #39A751))}}#gspb_iconBox-id-gsbp-b40cab8 .gspb_iconBox__wrapper{padding:20px;border-radius:50%}#gspb_container-id-gsbp-5ee26a5.gspb_container{position:relative;margin-bottom:0;box-sizing:border-box}.gspb_text-id-gsbp-1c764a8{font-size:17px}@media (max-width:991.98px){.gspb_text-id-gsbp-1c764a8{font-size:16px}}.gspb_text-id-gsbp-1c764a8{font-weight:700!important}@media (max-width:991.98px){.gspb_text-id-gsbp-1c764a8{font-weight:700!important}}@media (max-width:767.98px){.gspb_text-id-gsbp-1c764a8{font-weight:700!important}}@media (max-width:575.98px){.gspb_text-id-gsbp-1c764a8{font-weight:700!important}}.gspb_text-id-gsbp-1c764a8{color:var(--wp--preset--color--palette-color-4, var(--theme-palette-color-4, #ffffff));margin-bottom:0!important}.gspb_text-id-gsbp-7a9caf3{font-size:15px;margin-top:0!important}.gspb_container-id-gsbp-3de6582,.gspb_container-id-gsbp-5484ea9{flex-direction:column;box-sizing:border-box}#gspb_container-id-gsbp-3de6582.gspb_container{position:relative;display:flex;align-items:center;column-gap:20px}@media (max-width:991.98px){#gspb_container-id-gsbp-3de6582.gspb_container{justify-content:flex-start}}#gspb_container-id-gsbp-3de6582.gspb_container{margin-bottom:0;box-sizing:border-box}#gspb_iconBox-id-gsbp-644cf2c svg{height:20px!important;width:20px!important;min-width:20px!important}@media (max-width:991.98px){#gspb_iconBox-id-gsbp-644cf2c svg{height:15px!important;width:15px!important;min-width:15px!important}}#gspb_iconBox-id-gsbp-644cf2c svg,#gspb_iconBox-id-gsbp-644cf2c svg path{fill:var(--wp--preset--color--palette-color-4, var(--theme-palette-color-4, #ffffff))!important}#gspb_iconBox-id-gsbp-644cf2c svg{margin:0!important;transform:rotateY(180deg)}#gspb_iconBox-id-gsbp-644cf2c .gspb_iconBox__wrapper{background-color:var(--wp--preset--color--palette-color-1, var(--theme-palette-color-1, #39A751))}@media (max-width:991.98px){#gspb_iconBox-id-gsbp-644cf2c .gspb_iconBox__wrapper{background-color:var(--wp--preset--color--palette-color-1, var(--theme-palette-color-1, #39A751))}}@media (max-width:767.98px){#gspb_iconBox-id-gsbp-644cf2c .gspb_iconBox__wrapper{background-color:var(--wp--preset--color--palette-color-1, var(--theme-palette-color-1, #39A751))}}@media (max-width:575.98px){#gspb_iconBox-id-gsbp-644cf2c .gspb_iconBox__wrapper{background-color:var(--wp--preset--color--palette-color-1, var(--theme-palette-color-1, #39A751))}}#gspb_iconBox-id-gsbp-644cf2c .gspb_iconBox__wrapper{padding:20px;border-radius:50%}#gspb_container-id-gsbp-5484ea9.gspb_container{position:relative;box-sizing:border-box}.gspb_text-id-gsbp-9379a77{font-size:17px}@media (max-width:991.98px){.gspb_text-id-gsbp-9379a77{font-size:16px}}.gspb_text-id-gsbp-9379a77{font-weight:700!important}@media (max-width:991.98px){.gspb_text-id-gsbp-9379a77{font-weight:700!important}}@media (max-width:767.98px){.gspb_text-id-gsbp-9379a77{font-weight:700!important}}@media (max-width:575.98px){.gspb_text-id-gsbp-9379a77{font-weight:700!important}}.gspb_text-id-gsbp-9379a77{color:var(--wp--preset--color--palette-color-4, var(--theme-palette-color-4, #ffffff))}.gspb_text-id-gsbp-9ea8caa{font-size:15px}#gspb_col-id-gsbp-ba9be6f.gspb_row__col--6{width:calc(50% - 25px)}@media (max-width:991.98px){#gspb_col-id-gsbp-ba9be6f.gspb_row__col--6{width:100%}}@media (max-width:767.98px){#gspb_col-id-gsbp-ba9be6f.gspb_row__col--6{width:calc(100% - 25px)}}@media (max-width:575.98px){#gspb_col-id-gsbp-ba9be6f.gspb_row__col--6{width:100%}}@media (min-width:992px){body.gspb-bodyfront #gspb_col-id-gsbp-ba9be6f.gspb_row__col--6{width:calc(50% - 0px - 25px)}}@media (max-width:991.98px){#gspb_col-id-gsbp-ba9be6f.gspb_row__col--6{order:-1}}body.gspb-bodyfront #gspb_col-id-gsbp-ba9be6f.gspb_row__col--6{position:sticky;top:80px;align-self:start}@media (max-width:991.98px){body.gspb-bodyfront #gspb_col-id-gsbp-ba9be6f.gspb_row__col--6{position:relative;top:0}}.gspb_container-id-gsbp-0bee511{flex-direction:column;box-sizing:border-box}#gspb_container-id-gsbp-0bee511.gspb_container{position:relative;display:flex;flex-direction:column;justify-content:flex-start;box-shadow:0 -1px 0 0 #52ff7d29,0 0 0 1px #ffffff1f;padding:40px;overflow:hidden}body.gspb-bodyfront #gspb_container-id-gsbp-0bee511.gspb_container{backdrop-filter:blur(10px)}body.gspb-bodyfront #gspb_container-id-gsbp-0bee511.gspb_container .frm-fluent-form .ff-el-input--label label{display:block;color:#fff;font-size:15px;font-weight:600;margin-bottom:5px}body.gspb-bodyfront #gspb_container-id-gsbp-0bee511.gspb_container .ff_list_buttons .ff-el-input--content{display:flex;flex-wrap:wrap;gap:15px}body.gspb-bodyfront #gspb_container-id-gsbp-0bee511.gspb_container .ff_list_buttons .ff-el-form-check span{border-radius:var(--theme-form-field-border-radius, 3px)!important;border:0!important;box-shadow:none;transition:all .2s ease}body.gspb-bodyfront #gspb_container-id-gsbp-0bee511.gspb_container .ff_list_buttons .ff-el-form-check:not(.ff_item_selected) span:hover{color:var(--theme-button-background-initial-color)}body.gspb-bodyfront #gspb_container-id-gsbp-0bee511.gspb_container .ff_list_buttons .ff-el-form-check:not(.ff_item_selected) span{color:var(--theme-button-text-initial-color);background-color:#2a3f2e}body.gspb-bodyfront #gspb_container-id-gsbp-0bee511.gspb_container .ff_list_buttons .ff_item_selected span{background-color:var(--theme-button-background-initial-color)}@media (max-width:991.98px){#gspb_container-id-gsbp-0bee511.gspb_container{padding:35px}}@media (max-width:575.98px){#gspb_container-id-gsbp-0bee511.gspb_container{padding:30px}}#gspb_container-id-gsbp-0bee511.gspb_container,#gspb_container-id-gsbp-0bee511.gspb_container>.gspb_backgroundOverlay{border-top-left-radius:12px;border-top-right-radius:12px;border-bottom-right-radius:12px;border-bottom-left-radius:12px}#gspb_container-id-gsbp-0bee511.gspb_container{background-image:linear-gradient(180deg,rgba(10,22,43,.42) 0,#000 64%)}@media (max-width:991.98px){#gspb_container-id-gsbp-0bee511.gspb_container{background-image:linear-gradient(180deg,rgba(10,22,43,.42) 0,#000 64%)}}@media (max-width:767.98px){#gspb_container-id-gsbp-0bee511.gspb_container{background-image:linear-gradient(180deg,rgba(10,22,43,.42) 0,#000 64%)}}@media (max-width:575.98px){#gspb_container-id-gsbp-0bee511.gspb_container{background-image:linear-gradient(180deg,rgba(10,22,43,.42) 0,#000 64%)}}#gspb_container-id-gsbp-0bee511.gspb_container{box-sizing:border-box}","footnotes":""},"class_list":["post-16","page","type-page","status-publish","hentry"],"blocksy_meta":{"has_hero_section":"disabled","vertical_spacing_source":"custom","content_area_spacing":"none","styles_descriptor":{"styles":{"desktop":"","tablet":"","mobile":""},"google_fonts":[],"version":6}},"yoast_head":"<!-- This site is optimized with the Yoast SEO plugin v27.6 - https:\/\/yoast.com\/product\/yoast-seo-wordpress\/ -->\n<title>Contacto - JP Director<\/title>\n<meta name=\"robots\" content=\"index, follow, max-snippet:-1, max-image-preview:large, max-video-preview:-1\" \/>\n<link rel=\"canonical\" href=\"https:\/\/jpdirector.net\/en\/contact\/\" \/>\n<meta property=\"og:locale\" content=\"en_US\" \/>\n<meta property=\"og:type\" content=\"article\" \/>\n<meta property=\"og:title\" content=\"Contacto - JP Director\" \/>\n<meta property=\"og:url\" content=\"https:\/\/jpdirector.net\/en\/contact\/\" \/>\n<meta property=\"og:site_name\" content=\"JP Director\" \/>\n<meta property=\"article:publisher\" content=\"https:\/\/www.facebook.com\/jpdirector\" \/>\n<meta property=\"article:modified_time\" content=\"2026-03-20T19:20:54+00:00\" \/>\n<meta name=\"twitter:card\" content=\"summary_large_image\" \/>\n<meta name=\"twitter:label1\" content=\"Est. reading time\" \/>\n\t<meta name=\"twitter:data1\" content=\"1 minute\" \/>\n<script type=\"application\/ld+json\" class=\"yoast-schema-graph\">{\"@context\":\"https:\\\/\\\/schema.org\",\"@graph\":[{\"@type\":\"WebPage\",\"@id\":\"https:\\\/\\\/jpdirector.net\\\/contact\\\/\",\"url\":\"https:\\\/\\\/jpdirector.net\\\/contact\\\/\",\"name\":\"Contacto - JP Director\",\"isPartOf\":{\"@id\":\"https:\\\/\\\/jpdirector.net\\\/#website\"},\"datePublished\":\"2025-09-16T12:29:58+00:00\",\"dateModified\":\"2026-03-20T19:20:54+00:00\",\"breadcrumb\":{\"@id\":\"https:\\\/\\\/jpdirector.net\\\/contact\\\/#breadcrumb\"},\"inLanguage\":\"en-US\",\"potentialAction\":[{\"@type\":\"ReadAction\",\"target\":[\"https:\\\/\\\/jpdirector.net\\\/contact\\\/\"]}]},{\"@type\":\"BreadcrumbList\",\"@id\":\"https:\\\/\\\/jpdirector.net\\\/contact\\\/#breadcrumb\",\"itemListElement\":[{\"@type\":\"ListItem\",\"position\":1,\"name\":\"Portada\",\"item\":\"https:\\\/\\\/jpdirector.net\\\/\"},{\"@type\":\"ListItem\",\"position\":2,\"name\":\"Contacto\"}]},{\"@type\":\"WebSite\",\"@id\":\"https:\\\/\\\/jpdirector.net\\\/#website\",\"url\":\"https:\\\/\\\/jpdirector.net\\\/\",\"name\":\"JP Director\",\"description\":\"JP Director\",\"publisher\":{\"@id\":\"https:\\\/\\\/jpdirector.net\\\/#organization\"},\"potentialAction\":[{\"@type\":\"SearchAction\",\"target\":{\"@type\":\"EntryPoint\",\"urlTemplate\":\"https:\\\/\\\/jpdirector.net\\\/?s={search_term_string}\"},\"query-input\":{\"@type\":\"PropertyValueSpecification\",\"valueRequired\":true,\"valueName\":\"search_term_string\"}}],\"inLanguage\":\"en-US\"},{\"@type\":\"Organization\",\"@id\":\"https:\\\/\\\/jpdirector.net\\\/#organization\",\"name\":\"JP Director\",\"url\":\"https:\\\/\\\/jpdirector.net\\\/\",\"logo\":{\"@type\":\"ImageObject\",\"inLanguage\":\"en-US\",\"@id\":\"https:\\\/\\\/jpdirector.net\\\/#\\\/schema\\\/logo\\\/image\\\/\",\"url\":\"https:\\\/\\\/jpdirector.net\\\/wp-content\\\/uploads\\\/2025\\\/10\\\/Logo-home-08-1.png\",\"contentUrl\":\"https:\\\/\\\/jpdirector.net\\\/wp-content\\\/uploads\\\/2025\\\/10\\\/Logo-home-08-1.png\",\"width\":330,\"height\":76,\"caption\":\"JP Director\"},\"image\":{\"@id\":\"https:\\\/\\\/jpdirector.net\\\/#\\\/schema\\\/logo\\\/image\\\/\"},\"sameAs\":[\"https:\\\/\\\/www.facebook.com\\\/jpdirector\",\"https:\\\/\\\/www.instagram.com\\\/jp.director\\\/?hl=en\",\"https:\\\/\\\/www.linkedin.com\\\/in\\\/jpdirector\\\/?locale=en_US\"]}]}<\/script>\n<!-- \/ Yoast SEO plugin. -->","yoast_head_json":{"title":"Contacto - JP Director","robots":{"index":"index","follow":"follow","max-snippet":"max-snippet:-1","max-image-preview":"max-image-preview:large","max-video-preview":"max-video-preview:-1"},"canonical":"https:\/\/jpdirector.net\/en\/contact\/","og_locale":"en_US","og_type":"article","og_title":"Contacto - JP Director","og_url":"https:\/\/jpdirector.net\/en\/contact\/","og_site_name":"JP Director","article_publisher":"https:\/\/www.facebook.com\/jpdirector","article_modified_time":"2026-03-20T19:20:54+00:00","twitter_card":"summary_large_image","twitter_misc":{"Est. reading time":"1 minute"},"schema":{"@context":"https:\/\/schema.org","@graph":[{"@type":"WebPage","@id":"https:\/\/jpdirector.net\/contact\/","url":"https:\/\/jpdirector.net\/contact\/","name":"Contacto - JP Director","isPartOf":{"@id":"https:\/\/jpdirector.net\/#website"},"datePublished":"2025-09-16T12:29:58+00:00","dateModified":"2026-03-20T19:20:54+00:00","breadcrumb":{"@id":"https:\/\/jpdirector.net\/contact\/#breadcrumb"},"inLanguage":"en-US","potentialAction":[{"@type":"ReadAction","target":["https:\/\/jpdirector.net\/contact\/"]}]},{"@type":"BreadcrumbList","@id":"https:\/\/jpdirector.net\/contact\/#breadcrumb","itemListElement":[{"@type":"ListItem","position":1,"name":"Portada","item":"https:\/\/jpdirector.net\/"},{"@type":"ListItem","position":2,"name":"Contacto"}]},{"@type":"WebSite","@id":"https:\/\/jpdirector.net\/#website","url":"https:\/\/jpdirector.net\/","name":"JP Director","description":"JP Director","publisher":{"@id":"https:\/\/jpdirector.net\/#organization"},"potentialAction":[{"@type":"SearchAction","target":{"@type":"EntryPoint","urlTemplate":"https:\/\/jpdirector.net\/?s={search_term_string}"},"query-input":{"@type":"PropertyValueSpecification","valueRequired":true,"valueName":"search_term_string"}}],"inLanguage":"en-US"},{"@type":"Organization","@id":"https:\/\/jpdirector.net\/#organization","name":"JP Director","url":"https:\/\/jpdirector.net\/","logo":{"@type":"ImageObject","inLanguage":"en-US","@id":"https:\/\/jpdirector.net\/#\/schema\/logo\/image\/","url":"https:\/\/jpdirector.net\/wp-content\/uploads\/2025\/10\/Logo-home-08-1.png","contentUrl":"https:\/\/jpdirector.net\/wp-content\/uploads\/2025\/10\/Logo-home-08-1.png","width":330,"height":76,"caption":"JP Director"},"image":{"@id":"https:\/\/jpdirector.net\/#\/schema\/logo\/image\/"},"sameAs":["https:\/\/www.facebook.com\/jpdirector","https:\/\/www.instagram.com\/jp.director\/?hl=en","https:\/\/www.linkedin.com\/in\/jpdirector\/?locale=en_US"]}]}},"_links":{"self":[{"href":"https:\/\/jpdirector.net\/en\/wp-json\/wp\/v2\/pages\/16","targetHints":{"allow":["GET"]}}],"collection":[{"href":"https:\/\/jpdirector.net\/en\/wp-json\/wp\/v2\/pages"}],"about":[{"href":"https:\/\/jpdirector.net\/en\/wp-json\/wp\/v2\/types\/page"}],"author":[{"embeddable":true,"href":"https:\/\/jpdirector.net\/en\/wp-json\/wp\/v2\/users\/1"}],"replies":[{"embeddable":true,"href":"https:\/\/jpdirector.net\/en\/wp-json\/wp\/v2\/comments?post=16"}],"version-history":[{"count":8,"href":"https:\/\/jpdirector.net\/en\/wp-json\/wp\/v2\/pages\/16\/revisions"}],"predecessor-version":[{"id":4031,"href":"https:\/\/jpdirector.net\/en\/wp-json\/wp\/v2\/pages\/16\/revisions\/4031"}],"wp:attachment":[{"href":"https:\/\/jpdirector.net\/en\/wp-json\/wp\/v2\/media?parent=16"}],"curies":[{"name":"wp","href":"https:\/\/api.w.org\/{rel}","templated":true}]}}