{"id":3564,"date":"2025-11-30T23:50:02","date_gmt":"2025-11-30T23:50:02","guid":{"rendered":"http:\/\/jpdirector.net\/?page_id=3564"},"modified":"2026-02-20T14:26:01","modified_gmt":"2026-02-20T14:26:01","slug":"mentoria-intensiva","status":"publish","type":"page","link":"https:\/\/jpdirector.net\/en\/mentoria-intensiva\/","title":{"rendered":"Intensive Mentoring"},"content":{"rendered":"<div class=\"wp-block-greenshift-blocks-row alignfull gspb_row gspb_row-id-gsbp-9d097bc gspb_row--gutter-custom-0\" id=\"gspb_row-id-gsbp-9d097bc\"><div class=\"gspb_row__content\"> \n<div class=\"wp-block-greenshift-blocks-row-column gspb_row__col--6 gspb_col-id-gsbp-57638db\" id=\"gspb_col-id-gsbp-57638db\">\n<h1 id=\"gspb_heading-id-gsbp-f13b791\" class=\"gspb_heading gspb_heading-id-gsbp-f13b791\"><strong>INTENSIVE MENTORING<\/strong><\/h1>\n\n\n\n<h3 id=\"gspb_heading-id-gsbp-d3437e2\" class=\"gspb_heading gspb_heading-id-gsbp-d3437e2\">Dramatically accelerate the success of your business<\/h3>\n\n\n\n<p class=\"has-text-align-center has-palette-color-6-color has-palette-color-2-background-color has-text-color has-background has-link-color wp-elements-3baf716a0358a98b0bdc66704e0f691d\" style=\"border-radius:40px;margin-top:var(--wp--preset--spacing--50);margin-bottom:var(--wp--preset--spacing--50)\"><strong>For 2 months I will be working hand in hand with you, developing your advertising plan and teaching you how to do it yourself.<\/strong><\/p>\n\n\n\n<div class=\"wp-block-stackable-button-group stk-block-button-group stk-block stk-52c09b6\" data-block-id=\"52c09b6\"><div class=\"stk-row stk-inner-blocks has-text-align-center stk-block-content stk-button-group\">\n<div class=\"wp-block-stackable-button stk-block-button stk-block stk-d341756\" data-block-id=\"d341756\"><style>.stk-d341756 .stk-button{padding-right:var(--stk--preset--spacing--50, 1.5rem) !important;padding-left:var(--stk--preset--spacing--50, 1.5rem) !important;}.stk-d341756 .stk-button:hover:after{background:#ffbf00 !important;opacity:1 !important;}.stk-d341756 .stk-button .stk--inner-svg svg:last-child, .stk-d341756 .stk-button .stk--inner-svg svg:last-child :is(g, path, rect, polygon, ellipse){fill:#0f0e17 !important;}.stk-d341756 .stk-button__inner-text{font-size:var(--stk--preset--font-size--medium, 20px) !important;color:#0f0e17 !important;font-weight:600 !important;}@media screen and (max-width:999px){.stk-d341756 .stk-button__inner-text{font-size:var(--stk--preset--font-size--medium, 20px) !important;}}@media screen and (max-width:689px){.stk-d341756 .stk-button__inner-text{font-size:var(--stk--preset--font-size--medium, 20px) !important;}}<\/style><a class=\"stk-link stk-button stk--hover-effect-lift-scale-more\" href=\"https:\/\/jpdirector.net\/en\/contact\/\"><span class=\"has-text-color stk-button__inner-text\">Book Now<\/span><span class=\"stk--svg-wrapper\"><div class=\"stk--inner-svg\"><svg xmlns=\"http:\/\/www.w3.org\/2000\/svg\" viewbox=\"0 0 448 512\" aria-hidden=\"true\" width=\"32\" height=\"32\"><path d=\"M438.6 278.6c12.5-12.5 12.5-32.8 0-45.3l-160-160c-12.5-12.5-32.8-12.5-45.3 0s-12.5 32.8 0 45.3L338.8 224 32 224c-17.7 0-32 14.3-32 32s14.3 32 32 32l306.7 0L233.4 393.4c-12.5 12.5-12.5 32.8 0 45.3s32.8 12.5 45.3 0l160-160z\"\/><\/svg><\/div><\/span><\/a><\/div>\n<\/div><\/div>\n<\/div>\n\n\n\n<div class=\"wp-block-greenshift-blocks-row-column gspb_row__col--6 gspb_row__col--xs-12 gspb_col-id-gsbp-6740080\" id=\"gspb_col-id-gsbp-6740080\">\n<figure class=\"wp-block-image size-full\"><img loading=\"lazy\" decoding=\"async\" width=\"1000\" height=\"1000\" src=\"https:\/\/jpdirector.net\/wp-content\/uploads\/2026\/01\/Diseno-sin-titulo.png\" alt=\"Mentor en Publicidad Digital para Google Ads y Meta Ads\" class=\"wp-image-3774\" srcset=\"https:\/\/jpdirector.net\/wp-content\/uploads\/2026\/01\/Diseno-sin-titulo.png 1000w, https:\/\/jpdirector.net\/wp-content\/uploads\/2026\/01\/Diseno-sin-titulo-300x300.png 300w, https:\/\/jpdirector.net\/wp-content\/uploads\/2026\/01\/Diseno-sin-titulo-150x150.png 150w, https:\/\/jpdirector.net\/wp-content\/uploads\/2026\/01\/Diseno-sin-titulo-768x768.png 768w\" sizes=\"auto, (max-width: 1000px) 100vw, 1000px\" \/><\/figure>\n<\/div>\n <\/div><\/div>\n\n\n\n<h2 class=\"gsbp-ece76a6\">Learn, apply, and get guaranteed success results.<\/h2>\n\n\n\n<div class=\"wp-block-stackable-columns alignfull stk-block-columns stk-block stk-18aed1f\" data-block-id=\"18aed1f\"><style>.stk-18aed1f {margin-top:var(--stk--preset--spacing--70, 3.38rem) !important;margin-bottom:var(--stk--preset--spacing--70, 3.38rem) !important;}<\/style><div class=\"stk-row stk-inner-blocks stk-block-content stk-content-align stk-18aed1f-column alignwide\">\n<div class=\"wp-block-stackable-column stk-block-column stk-column stk-block stk-440c352\" data-v=\"4\" data-block-id=\"440c352\"><div class=\"stk-column-wrapper stk-block-column__content stk-container stk-440c352-container stk--no-background stk--no-padding\"><div class=\"stk-block-content stk-inner-blocks stk-440c352-inner-blocks\">\n<details class=\"wp-block-stackable-accordion stk-block-accordion stk-inner-blocks stk-block-content stk-block stk-656ea09 is-style-default\" data-block-id=\"656ea09\"><style>.stk-656ea09 {margin-bottom:25px !important;}<\/style>\n<summary class=\"wp-block-stackable-column stk-block-column stk-column stk-block stk-0751660 stk--container-small stk-block-accordion__heading\" data-v=\"4\" data-block-id=\"0751660\"><style>.stk-0751660 {border-style:solid !important;border-color:var(--theme-palette-color-2, #15E0FB) !important;border-top-width:0px !important;border-right-width:0px !important;border-bottom-width:3px !important;border-left-width:0px !important;}.stk-0751660-container{background-color:#00000003 !important;}.stk-0751660-container:before{background-color:#00000003 !important;}@media screen and (min-width:690px){.stk-0751660 {flex:var(--stk-flex-grow, 1) 1 calc(50% - var(--stk-column-gap, 0px) * 1 \/ 2 ) !important;}}<\/style><div class=\"stk-column-wrapper stk-block-column__content stk-container stk-0751660-container stk-hover-parent\"><div class=\"stk-block-content stk-inner-blocks stk-0751660-inner-blocks\">\n<div class=\"wp-block-stackable-icon-label stk-block-icon-label stk-block stk-9fdd723\" data-block-id=\"9fdd723\"><style>.stk-9fdd723 .stk-inner-blocks{gap:0px !important;}.stk-9fdd723 {max-width:1500px !important;min-width:auto !important;}<\/style><div class=\"stk-row stk-inner-blocks stk-block-content\">\n<div class=\"wp-block-stackable-heading stk-block-heading stk-block-heading--v2 stk-block stk-cae4efc\" id=\"question-1-placeholder\" data-block-id=\"cae4efc\"><style>.stk-cae4efc {max-width:1500px !important;min-width:auto !important;margin-top:var(--stk--preset--spacing--none, 0px) !important;}@media screen and (max-width:689px){.stk-cae4efc .stk-block-heading__text{font-size:var(--stk--preset--font-size--large, 30px) !important;}}<\/style><h3 class=\"stk-block-heading__text\">What will we see during these 2 months?<\/h3><\/div>\n\n\n\n<div class=\"wp-block-stackable-icon stk-block-icon stk-block stk-b61e928\" data-block-id=\"b61e928\"><style>.stk-b61e928 .stk--svg-wrapper .stk--inner-svg svg:last-child{opacity:1 !important;}<\/style><span class=\"stk--svg-wrapper\"><div class=\"stk--inner-svg\"><svg style=\"height:0;width:0\"><defs><lineargradient id=\"linear-gradient-b61e928\" x1=\"0\" x2=\"100%\" y1=\"0\" y2=\"0\"><stop offset=\"0%\" style=\"stop-opacity:1;stop-color:var(--linear-gradient-b-61-e-928-color-1)\"><\/stop><stop offset=\"100%\" style=\"stop-opacity:1;stop-color:var(--linear-gradient-b-61-e-928-color-2)\"><\/stop><\/lineargradient><\/defs><\/svg><svg data-prefix=\"fas\" data-icon=\"chevron-down\" class=\"svg-inline--fa fa-chevron-down fa-w-14\" xmlns=\"http:\/\/www.w3.org\/2000\/svg\" viewbox=\"0 0 448 512\" aria-hidden=\"true\" width=\"32\" height=\"32\"><path fill=\"currentColor\" d=\"M207.029 381.476L12.686 187.132c-9.373-9.373-9.373-24.569 0-33.941l22.667-22.667c9.357-9.357 24.522-9.375 33.901-.04L224 284.505l154.745-154.021c9.379-9.335 24.544-9.317 33.901.04l22.667 22.667c9.373 9.373 9.373 24.569 0 33.941L240.971 381.476c-9.373 9.372-24.569 9.372-33.942 0z\"><\/path><\/svg><\/div><\/span><\/div>\n<\/div><\/div>\n<\/div><\/div><\/summary>\n\n\n\n<div class=\"wp-block-stackable-column stk-block-column stk-column stk-block stk-42d13eb stk-block-accordion__content\" data-v=\"4\" data-block-id=\"42d13eb\"><style>@media screen and (min-width:690px){.stk-42d13eb {flex:var(--stk-flex-grow, 1) 1 calc(50% - var(--stk-column-gap, 0px) * 1 \/ 2 ) !important;}}<\/style><div class=\"stk-column-wrapper stk-block-column__content stk-container stk-42d13eb-container stk--no-background stk--no-padding\"><div class=\"stk-block-content stk-inner-blocks stk-42d13eb-inner-blocks\">\n<p>During the first month, we will develop and launch your advertising plan together, where you will learn the right way to grow your business.<\/p>\n\n\n\n<p>In the following month we will have several sessions analyzing the results of the plan we developed and we will progressively optimize your advertising<\/p>\n<\/div><\/div><\/div>\n<\/details>\n\n\n\n<details class=\"wp-block-stackable-accordion stk-block-accordion stk-inner-blocks stk-block-content stk-block stk-1391809 is-style-default\" data-block-id=\"1391809\">\n<summary class=\"wp-block-stackable-column stk-block-column stk-column stk-block stk-a87ad4e stk--container-small stk-block-accordion__heading\" data-v=\"4\" data-block-id=\"a87ad4e\"><style>.stk-a87ad4e {border-style:solid !important;border-color:var(--theme-palette-color-2, #15E0FB) !important;border-top-width:0px !important;border-right-width:0px !important;border-bottom-width:3px !important;border-left-width:0px !important;}.stk-a87ad4e-container{background-color:#00000003 !important;}.stk-a87ad4e-container:before{background-color:#00000003 !important;}@media screen and (min-width:690px){.stk-a87ad4e {flex:var(--stk-flex-grow, 1) 1 calc(50% - var(--stk-column-gap, 0px) * 1 \/ 2 ) !important;}}<\/style><div class=\"stk-column-wrapper stk-block-column__content stk-container stk-a87ad4e-container stk-hover-parent\"><div class=\"stk-block-content stk-inner-blocks stk-a87ad4e-inner-blocks\">\n<div class=\"wp-block-stackable-icon-label stk-block-icon-label stk-block stk-4c2ea08\" data-block-id=\"4c2ea08\"><div class=\"stk-row stk-inner-blocks stk-block-content\">\n<div class=\"wp-block-stackable-heading stk-block-heading stk-block-heading--v2 stk-block stk-58aee4b\" id=\"question-2-placeholder\" data-block-id=\"58aee4b\"><style>.stk-58aee4b {margin-bottom:var(--stk--preset--spacing--none, 0px) !important;}@media screen and (max-width:689px){.stk-58aee4b .stk-block-heading__text{font-size:var(--stk--preset--font-size--large, 30px) !important;}}<\/style><h3 class=\"stk-block-heading__text\">Frequently Asked Questions<\/h3><\/div>\n\n\n\n<div class=\"wp-block-stackable-icon stk-block-icon stk-block stk-5589530\" data-block-id=\"5589530\"><span class=\"stk--svg-wrapper\"><div class=\"stk--inner-svg\"><svg style=\"height:0;width:0\"><defs><lineargradient id=\"linear-gradient-5589530\" x1=\"0\" x2=\"100%\" y1=\"0\" y2=\"0\"><stop offset=\"0%\" style=\"stop-opacity:1;stop-color:var(--linear-gradient-5589530-color-1)\"><\/stop><stop offset=\"100%\" style=\"stop-opacity:1;stop-color:var(--linear-gradient-5589530-color-2)\"><\/stop><\/lineargradient><\/defs><\/svg><svg data-prefix=\"fas\" data-icon=\"chevron-down\" class=\"svg-inline--fa fa-chevron-down fa-w-14\" xmlns=\"http:\/\/www.w3.org\/2000\/svg\" viewbox=\"0 0 448 512\" aria-hidden=\"true\" width=\"32\" height=\"32\"><path fill=\"currentColor\" d=\"M207.029 381.476L12.686 187.132c-9.373-9.373-9.373-24.569 0-33.941l22.667-22.667c9.357-9.357 24.522-9.375 33.901-.04L224 284.505l154.745-154.021c9.379-9.335 24.544-9.317 33.901.04l22.667 22.667c9.373 9.373 9.373 24.569 0 33.941L240.971 381.476c-9.373 9.372-24.569 9.372-33.942 0z\"><\/path><\/svg><\/div><\/span><\/div>\n<\/div><\/div>\n<\/div><\/div><\/summary>\n\n\n\n<div class=\"wp-block-stackable-column stk-block-column stk-column stk-block stk-6683556 stk-block-accordion__content\" data-v=\"4\" data-block-id=\"6683556\"><style>@media screen and (min-width:690px){.stk-6683556 {flex:var(--stk-flex-grow, 1) 1 calc(50% - var(--stk-column-gap, 0px) * 1 \/ 2 ) !important;}}<\/style><div class=\"stk-column-wrapper stk-block-column__content stk-container stk-6683556-container stk--no-background stk--no-padding\"><div class=\"stk-block-content stk-inner-blocks stk-6683556-inner-blocks\">\n<div class=\"wp-block-stackable-text stk-block-text stk-block stk-ce9ae52\" data-block-id=\"ce9ae52\"><p class=\"stk-block-text__text\"><strong>Do I need a large budget to invest in my campaigns?<br><\/strong>This is very relative and depends on your product or service, but what you do need to keep in mind is that you should have at least $1000 USD to be able to do as many tests as possible and for us to do a good analysis of the results during this time.<br><br><strong>I understand most of it, but I want more details.<br><\/strong>Since this service is specialized, we will have a 20-minute video call to find out if your business is ready and committed, and if it's time for me to be your mentor.<br><br>I will explain all your questions in more detail during the call.<br><br><strong>What is the cost of intensive mentoring?<br><\/strong>The cost ranges from $6,000 to $10,000 USD and depends on multiple factors that we will be discussing in the video call.<br><br><strong>It's not a question, I want you to be my mentor!<br><\/strong>Calm down, first let's talk and see if you're ready and have the requirements. If you're reading this, you already have the first one: willpower.<\/p><\/div>\n<\/div><\/div><\/div>\n<\/details>\n<\/div><\/div><\/div>\n<\/div><\/div>","protected":false},"excerpt":{"rendered":"<p>\u00bfQu\u00e9 veremos durante estos 2 meses? Durante el primer mes elaboraremos y lanzaremos en conjunto tu plan de publicidad donde aprender\u00e1s la forma correcta de crecer tu negocio. En el siguiente mes tendremos varias sesiones de an\u00e1lisis de resultados con el plan que desarrollamos y progresivamente optimizaremos tu publicidad Preguntas frecuentes \u00bfDebo tener un presupuesto [&hellip;]<\/p>\n","protected":false},"author":1,"featured_media":0,"parent":0,"menu_order":0,"comment_status":"closed","ping_status":"closed","template":"","meta":{"_gspb_post_css":"@import url(https:\/\/fonts.googleapis.com\/css?family=Poppins:900|Poppins|Poppins:800|Poppins);#gspb_row-id-gsbp-9d097bc{justify-content:space-between;margin-top:0;display:flex;flex-wrap:wrap;margin-bottom:100px;padding-top:80px}#gspb_row-id-gsbp-9d097bc>.gspb_row__content{display:flex;justify-content:space-between;margin:0 auto;width:100%;flex-wrap:wrap}.gspb_row{position:relative}div[id^=gspb_col-id]{box-sizing:border-box;position:relative}body.gspb-bodyfront #gspb_row-id-gsbp-9d097bc>.gspb_row__content{width:var(--theme-container-width, 1200px);max-width:var(--theme-normal-container-max-width, 1200px)}@media (max-width:991.98px){#gspb_row-id-gsbp-9d097bc{margin-bottom:70px;padding-top:150px}}@media (max-width:575.98px){#gspb_row-id-gsbp-9d097bc{margin-bottom:50px;padding-top:80px;padding-bottom:30px}}#gspb_row-id-gsbp-9d097bc{background-size:cover;background-repeat:no-repeat;background-position:50% 100%}@media (max-width:575.98px){#gspb_row-id-gsbp-9d097bc{background-size:cover;background-position:19% 66%}}#gspb_row-id-gsbp-9d097bc{background-image:url(https:\/\/jpdirector.net\/wp-content\/uploads\/2026\/01\/Comienza-Ahora-3.png);border-bottom-style:solid;border-bottom-width:1px;border-bottom-color:#ffffff1c}#gspb_row-id-gsbp-9d097bc:hover{background-size:cover}@media (max-width:575.98px){#gspb_row-id-gsbp-9d097bc:hover{background-size:cover}}#gspb_col-id-gsbp-57638db.gspb_row__col--6{width:50%}@media (max-width:575.98px){#gspb_col-id-gsbp-57638db.gspb_row__col--6{width:100%}}#gspb_heading-id-gsbp-f13b791{font-weight:900;font-family:Poppins,sans-serif;font-size:90px;line-height:1.3em}@media (max-width:991.98px){#gspb_heading-id-gsbp-f13b791{font-size:45px}}@media (max-width:575.98px){#gspb_heading-id-gsbp-f13b791{font-size:40px}}#gspb_heading-id-gsbp-f13b791,#gspb_heading-id-gsbp-f13b791 .gsap-g-line{text-align:center!important}@media (max-width:991.98px){#gspb_heading-id-gsbp-f13b791,#gspb_heading-id-gsbp-f13b791 .gsap-g-line{text-align:center!important}}#gspb_heading-id-gsbp-f13b791{margin-top:100px;margin-bottom:0}@media (max-width:575.98px){#gspb_heading-id-gsbp-f13b791{margin-top:46px}}#gspb_heading-id-gsbp-d3437e2{font-weight:800;font-family:Poppins,sans-serif;font-size:23px;line-height:1.3em}@media (max-width:991.98px){#gspb_heading-id-gsbp-d3437e2{font-size:45px}}@media (max-width:575.98px){#gspb_heading-id-gsbp-d3437e2{font-size:20px}}#gspb_heading-id-gsbp-d3437e2,#gspb_heading-id-gsbp-d3437e2 .gsap-g-line{text-align:center!important}@media (max-width:991.98px){#gspb_heading-id-gsbp-d3437e2,#gspb_heading-id-gsbp-d3437e2 .gsap-g-line{text-align:center!important}}#gspb_heading-id-gsbp-d3437e2{margin-top:0;margin-bottom:0}@media (max-width:575.98px){#gspb_heading-id-gsbp-d3437e2{margin-top:12px}}#gspb_col-id-gsbp-6740080.gspb_row__col--6{width:50%}@media (max-width:575.98px){#gspb_col-id-gsbp-6740080.gspb_row__col--6{width:100%}}.gsbp-ece76a6{text-align:center;color:var(--wp--preset--color--palette-color-1, var(--theme-palette-color-1, #15E0FB))}@media (max-width:575.98px){.gsbp-ece76a6{font-size:25px}}","footnotes":""},"class_list":["post-3564","page","type-page","status-publish","hentry"],"blocksy_meta":{"has_hero_section":"disabled","vertical_spacing_source":"custom","content_area_spacing":"none","styles_descriptor":{"styles":{"desktop":"","tablet":"","mobile":""},"google_fonts":[],"version":6}},"yoast_head":"<!-- This site is optimized with the Yoast SEO plugin v27.6 - https:\/\/yoast.com\/product\/yoast-seo-wordpress\/ -->\n<title>Mentor en Publicidad Digital para Google Ads y Meta Ads<\/title>\n<meta name=\"description\" content=\"Recibe mentor\u00eda en marketing digital para optimizar tus campa\u00f1as en Google, Meta y TikTok Ads con acompa\u00f1amiento experto paso a paso.\" \/>\n<meta name=\"robots\" content=\"index, follow, max-snippet:-1, max-image-preview:large, max-video-preview:-1\" \/>\n<link rel=\"canonical\" href=\"https:\/\/jpdirector.net\/en\/mentoria-intensiva\/\" \/>\n<meta property=\"og:locale\" content=\"en_US\" \/>\n<meta property=\"og:type\" content=\"article\" \/>\n<meta property=\"og:title\" content=\"Mentor en Publicidad Digital para Google Ads y Meta Ads\" \/>\n<meta property=\"og:description\" content=\"Recibe mentor\u00eda en marketing digital para optimizar tus campa\u00f1as en Google, Meta y TikTok Ads con acompa\u00f1amiento experto paso a paso.\" \/>\n<meta property=\"og:url\" content=\"https:\/\/jpdirector.net\/en\/mentoria-intensiva\/\" \/>\n<meta property=\"og:site_name\" content=\"JP Director\" \/>\n<meta property=\"article:publisher\" content=\"https:\/\/www.facebook.com\/jpdirector\" \/>\n<meta property=\"article:modified_time\" content=\"2026-02-20T14:26:01+00:00\" \/>\n<meta property=\"og:image\" content=\"https:\/\/jpdirector.net\/wp-content\/uploads\/2026\/01\/Diseno-sin-titulo.png\" \/>\n<meta name=\"twitter:card\" content=\"summary_large_image\" \/>\n<meta name=\"twitter:label1\" content=\"Est. reading time\" \/>\n\t<meta name=\"twitter:data1\" content=\"2 minutes\" \/>\n<script type=\"application\/ld+json\" class=\"yoast-schema-graph\">{\"@context\":\"https:\\\/\\\/schema.org\",\"@graph\":[{\"@type\":\"WebPage\",\"@id\":\"https:\\\/\\\/jpdirector.net\\\/en\\\/mentoria-intensiva\\\/\",\"url\":\"https:\\\/\\\/jpdirector.net\\\/en\\\/mentoria-intensiva\\\/\",\"name\":\"Mentor en Publicidad Digital para Google Ads y Meta Ads\",\"isPartOf\":{\"@id\":\"https:\\\/\\\/jpdirector.net\\\/#website\"},\"primaryImageOfPage\":{\"@id\":\"https:\\\/\\\/jpdirector.net\\\/en\\\/mentoria-intensiva\\\/#primaryimage\"},\"image\":{\"@id\":\"https:\\\/\\\/jpdirector.net\\\/en\\\/mentoria-intensiva\\\/#primaryimage\"},\"thumbnailUrl\":\"https:\\\/\\\/jpdirector.net\\\/wp-content\\\/uploads\\\/2026\\\/01\\\/Diseno-sin-titulo.png\",\"datePublished\":\"2025-11-30T23:50:02+00:00\",\"dateModified\":\"2026-02-20T14:26:01+00:00\",\"description\":\"Recibe mentor\u00eda en marketing digital para optimizar tus campa\u00f1as en Google, Meta y TikTok Ads con acompa\u00f1amiento experto paso a paso.\",\"breadcrumb\":{\"@id\":\"https:\\\/\\\/jpdirector.net\\\/en\\\/mentoria-intensiva\\\/#breadcrumb\"},\"inLanguage\":\"en-US\",\"potentialAction\":[{\"@type\":\"ReadAction\",\"target\":[\"https:\\\/\\\/jpdirector.net\\\/en\\\/mentoria-intensiva\\\/\"]}]},{\"@type\":\"ImageObject\",\"inLanguage\":\"en-US\",\"@id\":\"https:\\\/\\\/jpdirector.net\\\/en\\\/mentoria-intensiva\\\/#primaryimage\",\"url\":\"https:\\\/\\\/jpdirector.net\\\/wp-content\\\/uploads\\\/2026\\\/01\\\/Diseno-sin-titulo.png\",\"contentUrl\":\"https:\\\/\\\/jpdirector.net\\\/wp-content\\\/uploads\\\/2026\\\/01\\\/Diseno-sin-titulo.png\"},{\"@type\":\"BreadcrumbList\",\"@id\":\"https:\\\/\\\/jpdirector.net\\\/en\\\/mentoria-intensiva\\\/#breadcrumb\",\"itemListElement\":[{\"@type\":\"ListItem\",\"position\":1,\"name\":\"Portada\",\"item\":\"https:\\\/\\\/jpdirector.net\\\/\"},{\"@type\":\"ListItem\",\"position\":2,\"name\":\"Mentor\u00eda Intensiva\"}]},{\"@type\":\"WebSite\",\"@id\":\"https:\\\/\\\/jpdirector.net\\\/#website\",\"url\":\"https:\\\/\\\/jpdirector.net\\\/\",\"name\":\"JP Director\",\"description\":\"JP Director\",\"publisher\":{\"@id\":\"https:\\\/\\\/jpdirector.net\\\/#organization\"},\"potentialAction\":[{\"@type\":\"SearchAction\",\"target\":{\"@type\":\"EntryPoint\",\"urlTemplate\":\"https:\\\/\\\/jpdirector.net\\\/?s={search_term_string}\"},\"query-input\":{\"@type\":\"PropertyValueSpecification\",\"valueRequired\":true,\"valueName\":\"search_term_string\"}}],\"inLanguage\":\"en-US\"},{\"@type\":\"Organization\",\"@id\":\"https:\\\/\\\/jpdirector.net\\\/#organization\",\"name\":\"JP Director\",\"url\":\"https:\\\/\\\/jpdirector.net\\\/\",\"logo\":{\"@type\":\"ImageObject\",\"inLanguage\":\"en-US\",\"@id\":\"https:\\\/\\\/jpdirector.net\\\/#\\\/schema\\\/logo\\\/image\\\/\",\"url\":\"https:\\\/\\\/jpdirector.net\\\/wp-content\\\/uploads\\\/2025\\\/10\\\/Logo-home-08-1.png\",\"contentUrl\":\"https:\\\/\\\/jpdirector.net\\\/wp-content\\\/uploads\\\/2025\\\/10\\\/Logo-home-08-1.png\",\"width\":330,\"height\":76,\"caption\":\"JP Director\"},\"image\":{\"@id\":\"https:\\\/\\\/jpdirector.net\\\/#\\\/schema\\\/logo\\\/image\\\/\"},\"sameAs\":[\"https:\\\/\\\/www.facebook.com\\\/jpdirector\",\"https:\\\/\\\/www.instagram.com\\\/jp.director\\\/?hl=en\",\"https:\\\/\\\/www.linkedin.com\\\/in\\\/jpdirector\\\/?locale=en_US\"]}]}<\/script>\n<!-- \/ Yoast SEO plugin. -->","yoast_head_json":{"title":"Mentor en Publicidad Digital para Google Ads y Meta Ads","description":"Recibe mentor\u00eda en marketing digital para optimizar tus campa\u00f1as en Google, Meta y TikTok Ads con acompa\u00f1amiento experto paso a paso.","robots":{"index":"index","follow":"follow","max-snippet":"max-snippet:-1","max-image-preview":"max-image-preview:large","max-video-preview":"max-video-preview:-1"},"canonical":"https:\/\/jpdirector.net\/en\/mentoria-intensiva\/","og_locale":"en_US","og_type":"article","og_title":"Mentor en Publicidad Digital para Google Ads y Meta Ads","og_description":"Recibe mentor\u00eda en marketing digital para optimizar tus campa\u00f1as en Google, Meta y TikTok Ads con acompa\u00f1amiento experto paso a paso.","og_url":"https:\/\/jpdirector.net\/en\/mentoria-intensiva\/","og_site_name":"JP Director","article_publisher":"https:\/\/www.facebook.com\/jpdirector","article_modified_time":"2026-02-20T14:26:01+00:00","og_image":[{"url":"https:\/\/jpdirector.net\/wp-content\/uploads\/2026\/01\/Diseno-sin-titulo.png","type":"","width":"","height":""}],"twitter_card":"summary_large_image","twitter_misc":{"Est. reading time":"2 minutes"},"schema":{"@context":"https:\/\/schema.org","@graph":[{"@type":"WebPage","@id":"https:\/\/jpdirector.net\/en\/mentoria-intensiva\/","url":"https:\/\/jpdirector.net\/en\/mentoria-intensiva\/","name":"Mentor en Publicidad Digital para Google Ads y Meta Ads","isPartOf":{"@id":"https:\/\/jpdirector.net\/#website"},"primaryImageOfPage":{"@id":"https:\/\/jpdirector.net\/en\/mentoria-intensiva\/#primaryimage"},"image":{"@id":"https:\/\/jpdirector.net\/en\/mentoria-intensiva\/#primaryimage"},"thumbnailUrl":"https:\/\/jpdirector.net\/wp-content\/uploads\/2026\/01\/Diseno-sin-titulo.png","datePublished":"2025-11-30T23:50:02+00:00","dateModified":"2026-02-20T14:26:01+00:00","description":"Recibe mentor\u00eda en marketing digital para optimizar tus campa\u00f1as en Google, Meta y TikTok Ads con acompa\u00f1amiento experto paso a paso.","breadcrumb":{"@id":"https:\/\/jpdirector.net\/en\/mentoria-intensiva\/#breadcrumb"},"inLanguage":"en-US","potentialAction":[{"@type":"ReadAction","target":["https:\/\/jpdirector.net\/en\/mentoria-intensiva\/"]}]},{"@type":"ImageObject","inLanguage":"en-US","@id":"https:\/\/jpdirector.net\/en\/mentoria-intensiva\/#primaryimage","url":"https:\/\/jpdirector.net\/wp-content\/uploads\/2026\/01\/Diseno-sin-titulo.png","contentUrl":"https:\/\/jpdirector.net\/wp-content\/uploads\/2026\/01\/Diseno-sin-titulo.png"},{"@type":"BreadcrumbList","@id":"https:\/\/jpdirector.net\/en\/mentoria-intensiva\/#breadcrumb","itemListElement":[{"@type":"ListItem","position":1,"name":"Portada","item":"https:\/\/jpdirector.net\/"},{"@type":"ListItem","position":2,"name":"Mentor\u00eda Intensiva"}]},{"@type":"WebSite","@id":"https:\/\/jpdirector.net\/#website","url":"https:\/\/jpdirector.net\/","name":"JP Director","description":"JP Director","publisher":{"@id":"https:\/\/jpdirector.net\/#organization"},"potentialAction":[{"@type":"SearchAction","target":{"@type":"EntryPoint","urlTemplate":"https:\/\/jpdirector.net\/?s={search_term_string}"},"query-input":{"@type":"PropertyValueSpecification","valueRequired":true,"valueName":"search_term_string"}}],"inLanguage":"en-US"},{"@type":"Organization","@id":"https:\/\/jpdirector.net\/#organization","name":"JP Director","url":"https:\/\/jpdirector.net\/","logo":{"@type":"ImageObject","inLanguage":"en-US","@id":"https:\/\/jpdirector.net\/#\/schema\/logo\/image\/","url":"https:\/\/jpdirector.net\/wp-content\/uploads\/2025\/10\/Logo-home-08-1.png","contentUrl":"https:\/\/jpdirector.net\/wp-content\/uploads\/2025\/10\/Logo-home-08-1.png","width":330,"height":76,"caption":"JP Director"},"image":{"@id":"https:\/\/jpdirector.net\/#\/schema\/logo\/image\/"},"sameAs":["https:\/\/www.facebook.com\/jpdirector","https:\/\/www.instagram.com\/jp.director\/?hl=en","https:\/\/www.linkedin.com\/in\/jpdirector\/?locale=en_US"]}]}},"_links":{"self":[{"href":"https:\/\/jpdirector.net\/en\/wp-json\/wp\/v2\/pages\/3564","targetHints":{"allow":["GET"]}}],"collection":[{"href":"https:\/\/jpdirector.net\/en\/wp-json\/wp\/v2\/pages"}],"about":[{"href":"https:\/\/jpdirector.net\/en\/wp-json\/wp\/v2\/types\/page"}],"author":[{"embeddable":true,"href":"https:\/\/jpdirector.net\/en\/wp-json\/wp\/v2\/users\/1"}],"replies":[{"embeddable":true,"href":"https:\/\/jpdirector.net\/en\/wp-json\/wp\/v2\/comments?post=3564"}],"version-history":[{"count":28,"href":"https:\/\/jpdirector.net\/en\/wp-json\/wp\/v2\/pages\/3564\/revisions"}],"predecessor-version":[{"id":3998,"href":"https:\/\/jpdirector.net\/en\/wp-json\/wp\/v2\/pages\/3564\/revisions\/3998"}],"wp:attachment":[{"href":"https:\/\/jpdirector.net\/en\/wp-json\/wp\/v2\/media?parent=3564"}],"curies":[{"name":"wp","href":"https:\/\/api.w.org\/{rel}","templated":true}]}}